{"id":2155,"date":"2025-12-08T13:19:18","date_gmt":"2025-12-08T13:19:18","guid":{"rendered":"https:\/\/uniteawake.com\/news\/?page_id=2155"},"modified":"2025-12-08T13:21:24","modified_gmt":"2025-12-08T13:21:24","slug":"fractal-dk","status":"publish","type":"page","link":"https:\/\/uniteawake.com\/news\/fractal-dk\/","title":{"rendered":"Helfen Sie uns, die Zukunft demokratischer Organisationen zu gestalten"},"content":{"rendered":"\n\n\n\n<p>2025-12-04<\/p>\n\n\n\n\n<figure class=\"wp-block-image size-large hidden\"><img loading=\"lazy\" decoding=\"async\" width=\"1024\" height=\"576\" src=\"https:\/\/uniteawake.com\/news\/wp-content\/uploads\/2025\/12\/Fractal-1024x576.png\" alt=\"\" class=\"wp-image-1979\" srcset=\"https:\/\/uniteawake.com\/news\/wp-content\/uploads\/2025\/12\/Fractal-1024x576.png 1024w, https:\/\/uniteawake.com\/news\/wp-content\/uploads\/2025\/12\/Fractal-300x169.png 300w, https:\/\/uniteawake.com\/news\/wp-content\/uploads\/2025\/12\/Fractal-768x432.png 768w, https:\/\/uniteawake.com\/news\/wp-content\/uploads\/2025\/12\/Fractal-1536x864.png 1536w, https:\/\/uniteawake.com\/news\/wp-content\/uploads\/2025\/12\/Fractal.png 1920w\" sizes=\"auto, (max-width: 1024px) 100vw, 1024px\" \/><\/figure>\n\n\n\n\n<p><strong>Wir entwickeln Fractal Circles \u2013 eine Open-Source-Plattform, die Gemeinschaften und Organisationen dabei unterst\u00fctzt, Entscheidungen auf wirklich demokratische Weise gemeinsam zu treffen.<\/strong><\/p>\n\n\n\n\n<div class=\"wp-block-cover is-light has-parallax wp-duotone-unset-1\" style=\"min-height:300px;aspect-ratio:unset;\"><div class=\"wp-block-cover__image-background wp-image-2111 size-full has-parallax\" style=\"background-position:50% 50%;background-image:url(https:\/\/uniteawake.com\/news\/wp-content\/uploads\/2025\/12\/farm-6.jpg)\"><\/div><span aria-hidden=\"true\" class=\"wp-block-cover__background has-background-dim-0 has-background-dim\"><\/span><div class=\"wp-block-cover__inner-container is-layout-flow wp-block-cover-is-layout-flow\">\n<p class=\"has-text-align-left has-large-font-size\"><\/p>\n<\/div><\/div>\n\n\n\n\n<p><\/p>\n\n\n\n\n<p><strong>Was sind Fractal Circles?<\/strong><br>Fractal Circles nutzt fraktale Organisationsstrukturen, um eine st\u00e4rker partizipative und inklusive Entscheidungsfindung zu erm\u00f6glichen. Anstelle von Top-down-Hierarchien erlaubt unsere Plattform Gemeinschaften, sich in miteinander verbundenen Kreisen zu organisieren, in denen jede Stimme z\u00e4hlt und Beitr\u00e4ge durch transparente Bewertungssysteme gesch\u00e4tzt werden.<\/p>\n\n\n\n\n<p><br><strong>Es funktioniert bereits!<\/strong><br>Wir nutzen die Methode bereits im realen Leben, bei Treffen und in Gemeinschaftsgruppen. Unsere Beta-Plattform ist live und wird getestet. Das Bild oben zeigt \u201eThe Farm Project\u201c \u2013 wo Nutzer gemeinsam Community-Events planen, Ressourcen teilen und Entscheidungen treffen. Menschen nutzen Fractal Circles, um ihre Gemeinschaften auf Weise zu organisieren, die traditionelle Strukturen nicht unterst\u00fctzen k\u00f6nnen.<\/p>\n\n\n\n\n<p><br><strong>Warum wir deine Unterst\u00fctzung brauchen<\/strong><br>Wir sind ein kleines Team leidenschaftlicher Entwickler, die dieses Projekt als Open Source aufbauen. Deine Unterst\u00fctzung hilft uns:<br>\u2022 Die Plattform weiterzuentwickeln<br>\u2022 Funktionen und Benutzerfreundlichkeit zu verbessern<br>\u2022 Server- und Hostingkosten zu decken<br>\u2022 Schulungsmaterial und Dokumentation zu erstellen<br>\u2022 Mehr Gemeinschaften zu erreichen<\/p>\n\n\n\n\n<p><br><strong>Was macht dieses Projekt besonders?<\/strong><br>\u2022 Open Source \u2013 F\u00fcr alle frei, f\u00fcr immer<br>\u2022 Demokratisch gestaltet \u2013 Mit integrierten Abstimmungs- und Bewertungssystemen<br>\u2022 Praxiserprobt \u2013 Already being used by active communities<br>\u2022 Integrierte Tools \u2013 Enth\u00e4lt Videokonferenzen (Fractal Meet), Projektmanagement (Team Goal) sowie Web-App- und Telegram-Integration (Fractal Forum)<br>\u2022 Blockchain-f\u00e4hig \u2013 Entwickelt f\u00fcr die Integration dezentraler Technologien<\/p>\n\n\n\n\n<p><br><strong>Unsere Vision<\/strong><br>Wir glauben, dass Organisationen partizipativer sein k\u00f6nnen, Entscheidungen inklusiver und Gemeinschaften st\u00e4rker, wenn jeder eine Stimme hat. Fractal Circles macht das m\u00f6glich.<br>Bitte unterst\u00fctze uns, damit wir diese Entwicklung fortsetzen k\u00f6nnen!<\/p>\n\n\n\n\n<p><br><em><strong>Jeder Beitrag, egal wie gro\u00df oder klein, hilft uns, dieses Werkzeug zu entwickeln, das demokratische Werte st\u00e4rkt und Gemeinschaften weltweit st\u00e4rkt.<\/strong><\/em><\/p>\n\n\n\n\n<p>Mehr Informationen, Whitepapers und Beispiele auf <a href=\"http:\/\/FractalCircles.org\">FractalCircles.org<\/a>, <a href=\"http:\/\/UniteAwake.com\">UniteAwake.com<\/a> und <a href=\"http:\/\/shambala.substack.com\">shambala.substack.com<\/a><\/p>\n\n\n\n\n<p><\/p>\n\n\n\n\n<div class=\"wp-block-cover has-parallax is-light\" style=\"min-height:300px;aspect-ratio:unset;\"><div class=\"wp-block-cover__image-background wp-image-903 has-parallax\" style=\"background-position:50% 50%;background-image:url(https:\/\/uniteawake.com\/news\/wp-content\/uploads\/2020\/03\/flower.png)\"><\/div><span aria-hidden=\"true\" class=\"wp-block-cover__background has-background-dim-40 has-background-dim\"><\/span><div class=\"wp-block-cover__inner-container is-layout-flow wp-block-cover-is-layout-flow\">\n<p class=\"has-text-align-left has-white-color has-text-color has-link-color has-large-font-size wp-elements-40efea500826f3d09cd5497eabf97760\"><strong><strong>Spende noch heute<\/strong>! <\/strong><\/p>\n\n\n\n\n<p class=\"has-text-align-left has-white-color has-text-color has-link-color has-large-font-size wp-elements-6df4c19c2863d8311d96e802f2fccd3f\"><strong><strong>Teile die Kampagne mit 8 Freunden<\/strong>!<\/strong><\/p>\n<\/div><\/div>\n\n\n\n\n<hr class=\"wp-block-separator has-css-opacity\"\/>\n\n\n\n\n<div style=\"height:0px\" aria-hidden=\"true\" class=\"wp-block-spacer\"><\/div>\n\n\n\n<style>\n.msd-card{max-width:420px;margin:20px auto;padding:18px;border:1px solid #e7e7e7;border-radius:12px;font-family:system-ui;color:#111}\n.msd-row{display:flex;gap:8px;margin-bottom:12px}\n.msd-input{flex:1;padding:8px;border:1px solid #ddd;border-radius:8px}\n.msd-amounts{display:flex;gap:8px}\n.msd-amount-btn{flex:1;padding:10px;border-radius:8px;border:1px solid #444;background:#fafafa;cursor:pointer;color:#111}\n.msd-amount-btn.active{background:#2563eb !important;color:white;border-color:#1e40af}\n.msd-donate{width:100%;padding:10px;border-radius:8px;border:0;background:#111;color:#fff;cursor:pointer}\n.msd-list{margin-top:12px;font-size:14px}\n.msd-list-item{padding:6px 0;border-bottom:1px dashed #eee;display:flex;justify-content:space-between}\n<\/style>\n\n<div class=\"msd-card\" id=\"msd-card\">\n    <div class=\"msd-row\"><input class=\"msd-input\" id=\"msd-name\" placeholder=\"Name\"><\/div>\n    <div class=\"msd-row\"><input class=\"msd-input\" id=\"msd-email\" placeholder=\"Email\"><\/div>\n\n    <div class=\"msd-row msd-amounts\">\n        <button type=\"button\" class=\"msd-amount-btn\" data-amount=\"50\">50 \u20ac<\/button>\n        <button type=\"button\" class=\"msd-amount-btn\" data-amount=\"100\">100 \u20ac<\/button>\n        <button type=\"button\" class=\"msd-amount-btn\" data-amount=\"200\">200 \u20ac<\/button>\n    <\/div>\n    <div class=\"msd-row\"><input class=\"msd-input\" id=\"msd-custom\" placeholder=\"Or enter amount (EUR)\"><\/div>\n\n\n    <div class=\"msd-row\"><button id=\"msd-donate\" class=\"msd-donate\">Donate<\/button><\/div>\n\n    <div class=\"msd-list\" id=\"msd-list\">\n        <strong>Latest contributors<\/strong>\n                    <div class=\"msd-list-item\">\n                <span>Martin<\/span>\n                <span>2026-04-03 20:59:16 \u2022 50 \u20ac<\/span>\n            <\/div>\n                    <div class=\"msd-list-item\">\n                <span>Dan<\/span>\n                <span>2026-02-12 18:48:42 \u2022 44 \u20ac<\/span>\n            <\/div>\n                    <div class=\"msd-list-item\">\n                <span>Heike<\/span>\n                <span>2025-12-20 11:35:04 \u2022 10 \u20ac<\/span>\n            <\/div>\n                    <div class=\"msd-list-item\">\n                <span>Mikael<\/span>\n                <span>2025-12-20 11:33:49 \u2022 100 \u20ac<\/span>\n            <\/div>\n                    <div class=\"msd-list-item\">\n                <span>Kim Li<\/span>\n                <span>2025-12-06 10:28:08 \u2022 20 \u20ac<\/span>\n            <\/div>\n            <\/div>\n<\/div>\n\n\n\n    <div style=\"margin-top:20px;\">\n        <div style=\"font-size:14px;margin-bottom:6px;\">\n            Progress: 524 \/ 2000 \u20ac\n        <\/div>\n        <div style=\"width:100%;height:14px;background:#eee;border-radius:10px;overflow:hidden;\">\n            <div style=\"width:26.2%;height:100%;background:#2563eb;\"><\/div>\n        <\/div>\n    <\/div>\n\n\n<script>\n(function(){\n    const debug = true;\n    function log(){ if(debug) console.log.apply(console, arguments); }\n\n    log('INIT: donation card script loaded');\n\n    var ajaxUrl = 'https:\/\/uniteawake.com\/news\/wp-admin\/admin-ajax.php';\n    var nonce = 'bad9899a22';\n    var card = document.getElementById('msd-card');\n    var nameEl = document.getElementById('msd-name');\n    var emailEl = document.getElementById('msd-email');\n    var customEl = document.getElementById('msd-custom');\n    var donateBtn = document.getElementById('msd-donate');\n    var amountBtns = card.querySelectorAll('.msd-amount-btn');\n    var selectedAmount = null;\n\n    amountBtns.forEach(btn => {\n        btn.addEventListener('click', () => {\n            log('Click amount button:', btn.dataset.amount);\n            amountBtns.forEach(b => b.classList.remove('active'));\n            btn.classList.add('active');\n            selectedAmount = btn.dataset.amount;\n            customEl.value = '';\n        });\n    });\n\n    customEl.addEventListener('input', () => {\n        log('Custom amount entered:', customEl.value);\n        selectedAmount = customEl.value;\n        amountBtns.forEach(b => b.classList.remove('active'));\n    });\n\n    donateBtn.addEventListener('click', () => {\n        log('Donate clicked');\n        var name = nameEl.value.trim();\n        var email = emailEl.value.trim();\n\n        if(!selectedAmount){ alert('Please enter or choose an amount'); return; }\n        if(!email){ alert('Email required'); return; }\n\n        var data = new FormData();\n        data.append('action','msd_handle_donation');\n        data.append('nonce', nonce);\n        data.append('name', name);\n        data.append('email', email);\n        data.append('amount', selectedAmount);\n\n        log('Sending donation to server:', selectedAmount);\n\n        fetch(ajaxUrl, { method: 'POST', body: data })\n        .then(r => r.json())\n        .then(json => {\n            log('Server replied:', json);\n            if(!json.success){ alert(json.data); return; }\n\n            var list = document.getElementById('msd-list');\n            var node = document.createElement('div');\n            node.className = 'msd-list-item';\n            node.innerHTML = `<span>${name || '\u2014'}<\/span><span>${json.data.date} \u2022 ${json.data.amount} \u20ac<\/span>`;\n            list.insertBefore(node, list.children[1]);\n        })\n        .catch(err => { log('Fetch error:', err); alert('Network error'); });\n    });\n})();\n<\/script>\n\n\n\n\n\n\n<hr class=\"wp-block-separator has-alpha-channel-opacity\"\/>\n\n\n\n\n<p>Paypal: <a href=\"http:\/\/paypal.me\/mikaelananda\">paypal.me\/mikaelananda<\/a><br>Revolut: @mcromsjo<br>BitCoin: bc1qqth5w0cm6qug4xmypr4fwl2fvyfzc5c6mt9znc<br>Etherium: 0x33E891c21928D3C63adC5015d0B1D63A90f58F14<br>Swish: 0730880846<br>IBAN: LT76 3250 0301 0050 5395 &#8211; Mikael Cromsjo &#8211; REVOLT21<\/p>\n\n\n\n\n<div class=\"wp-block-group\"><div class=\"wp-block-group__inner-container is-layout-constrained wp-block-group-is-layout-constrained\">\n<div class=\"wp-block-columns is-layout-flex wp-container-core-columns-is-layout-9d6595d7 wp-block-columns-is-layout-flex\">\n<div class=\"wp-block-column is-layout-flow wp-block-column-is-layout-flow\">\n<div class=\"wp-block-columns is-layout-flex wp-container-core-columns-is-layout-9d6595d7 wp-block-columns-is-layout-flex\">\n<div class=\"wp-block-column is-layout-flow wp-block-column-is-layout-flow\" style=\"flex-basis:1%\"><\/div>\n\n\n\n\n<div class=\"wp-block-column is-layout-flow wp-block-column-is-layout-flow\" style=\"flex-basis:50%\"><\/div>\n\n\n\n\n<div class=\"wp-block-column is-layout-flow wp-block-column-is-layout-flow\" style=\"flex-basis:1%\"><\/div>\n<\/div>\n\n\n\n\n<hr class=\"wp-block-separator has-alpha-channel-opacity\"\/>\n\n\n\n\n<p>Unterst\u00fctze die Fractal Circles-Spendenkampagne mit deiner Spende.<br>Hilf zus\u00e4tzlich, indem du 8 Freunden davon erz\u00e4hlst, die an eine bessere, gerechtere Zukunft glauben. \u270a\ud83c\udf31<br><br>F\u00fcr echte Demokratie.<br>Echte Zusammenarbeit.<br>Echte Macht f\u00fcr das Volk. <br><br>Danke! \ud83c\udf38<br>\ud83d\udd17 https:\/\/uniteawake.com\/news\/fractal\/<\/p>\n\n\n\n\n<button onclick=\"copyText()\">Copy to clipboard<\/button>\n\n<script>\nfunction copyText() {\n  const text =\n    \"Unterst\u00fctze die Fractal Circles-Spendenkampagne mit deiner Spende.\\r\\n\" +\n    \"Hilf zus\u00e4tzlich, indem du 8 Freunden davon erz\u00e4hlst, die an eine bessere, gerechtere Zukunft glauben. \u270a\ud83c\udf31\\r\\n\\r\\n\" +\n    \"F\u00fcr echte Demokratie.\\r\\n\" +\n    \"Echte Zusammenarbeit.\\r\\n\" +\n    \"Echte Macht f\u00fcr das Volk.\\r\\n\\r\\n\" +\n    \"Danke! \ud83c\udf38\\r\\n\" +\n    \"\ud83d\udd17 https:\/\/uniteawake.com\/news\/fractal\/\";\n\n  navigator.clipboard.writeText(text)\n\n}\n<\/script>\n\n\n\n\n\n<hr class=\"wp-block-separator has-alpha-channel-opacity\"\/>\n<\/div>\n<\/div>\n<\/div><\/div>\n\n\n\n\n<div style=\"height:32px\" aria-hidden=\"true\" class=\"wp-block-spacer\"><\/div>\n\n\n\n\n<div class=\"wp-block-columns is-layout-flex wp-container-core-columns-is-layout-9d6595d7 wp-block-columns-is-layout-flex\">\n<div class=\"wp-block-column is-layout-flow wp-block-column-is-layout-flow\" style=\"flex-basis:33.33%\">\n<figure class=\"wp-block-image aligncenter size-large is-resized\"><img loading=\"lazy\" decoding=\"async\" width=\"600\" height=\"603\" src=\"https:\/\/uniteawake.com\/news\/wp-content\/uploads\/2024\/11\/ananda-2-e1764846349520.jpg\" alt=\"\" class=\"wp-image-1817\" style=\"width:200px;height:200px\"\/><\/figure>\n<\/div>\n\n\n\n\n<div class=\"wp-block-column is-layout-flow wp-block-column-is-layout-flow\" style=\"flex-basis:66.66%\">\n<blockquote class=\"wp-block-quote is-layout-flow wp-block-quote-is-layout-flow\">\n<p>Ich arbeite an der Backend-Entwicklung aller Fractal-Tools und bin einer der Architekten der Plattform. Ich nutze die Fraktalmethode zur Organisation vieler verschiedener Veranstaltungen und Workshops.<\/p>\n<cite>&#8211; Mikael, Entwickler und P\u00e4dagoge<\/cite><\/blockquote>\n\n\n\n\n<p><\/p>\n<\/div>\n<\/div>\n\n\n\n\n<div style=\"height:11px\" aria-hidden=\"true\" class=\"wp-block-spacer\"><\/div>\n\n\n\n\n<div class=\"wp-block-columns is-layout-flex wp-container-core-columns-is-layout-9d6595d7 wp-block-columns-is-layout-flex\">\n<div class=\"wp-block-column is-layout-flow wp-block-column-is-layout-flow\" style=\"flex-basis:33.33%\"><div class=\"wp-block-image is-style-rounded\">\n<figure class=\"aligncenter size-large is-resized\"><img loading=\"lazy\" decoding=\"async\" width=\"818\" height=\"818\" src=\"https:\/\/uniteawake.com\/news\/wp-content\/uploads\/2025\/12\/tanja.jpg\" alt=\"\" class=\"wp-image-1963\" style=\"width:200px;height:200px\" srcset=\"https:\/\/uniteawake.com\/news\/wp-content\/uploads\/2025\/12\/tanja.jpg 818w, https:\/\/uniteawake.com\/news\/wp-content\/uploads\/2025\/12\/tanja-300x300.jpg 300w, https:\/\/uniteawake.com\/news\/wp-content\/uploads\/2025\/12\/tanja-150x150.jpg 150w, https:\/\/uniteawake.com\/news\/wp-content\/uploads\/2025\/12\/tanja-768x768.jpg 768w, https:\/\/uniteawake.com\/news\/wp-content\/uploads\/2025\/12\/tanja-250x250.jpg 250w, https:\/\/uniteawake.com\/news\/wp-content\/uploads\/2025\/12\/tanja-174x174.jpg 174w\" sizes=\"auto, (max-width: 818px) 100vw, 818px\" \/><\/figure>\n<\/div><\/div>\n\n\n\n\n<div class=\"wp-block-column is-layout-flow wp-block-column-is-layout-flow\" style=\"flex-basis:66.66%\">\n<blockquote class=\"wp-block-quote is-layout-flow wp-block-quote-is-layout-flow\">\n<p>Fraktale \u201elebende\u201c Kreise, wie ich sie gerne nenne, k\u00f6nnen jeder Gruppe \u2013 online wie offline \u2013 eine fruchtbare Dynamik verleihen,<br>um Probleme anzugehen, die innovative L\u00f6sungen brauchen,<br>um Konflikte im Gemeinschaftsgeist zu l\u00f6sen,<br>und vor allem, um uns bei der Organisation allt\u00e4glicher Angelegenheiten zu unterst\u00fctzen, sodass wir st\u00e4rker mit\u00adeinander und mit allen Lebewesen um uns herum in Einklang kommen.<\/p>\n<cite>&#8211; Tanja, Community-Aktivistin und Kampagnenorganisatorin<\/cite><\/blockquote>\n\n\n\n\n<p><\/p>\n<\/div>\n<\/div>\n\n\n\n\n<div class=\"wp-block-columns is-layout-flex wp-container-core-columns-is-layout-9d6595d7 wp-block-columns-is-layout-flex\">\n<div class=\"wp-block-column is-layout-flow wp-block-column-is-layout-flow\" style=\"flex-basis:33.33%\"><div class=\"wp-block-image is-style-rounded\">\n<figure class=\"aligncenter size-large is-resized\"><img loading=\"lazy\" decoding=\"async\" width=\"219\" height=\"195\" src=\"https:\/\/uniteawake.com\/news\/wp-content\/uploads\/2020\/02\/shir3.jpg\" alt=\"\" class=\"wp-image-767\" style=\"width:200px;height:200px\"\/><\/figure>\n<\/div><\/div>\n\n\n\n\n<div class=\"wp-block-column is-layout-flow wp-block-column-is-layout-flow\" style=\"flex-basis:66.66%\">\n<blockquote class=\"wp-block-quote is-layout-flow wp-block-quote-is-layout-flow\">\n<p>Ich nahm an einem Treffen in Portugal mit Mikael teil und war \u00fcberrascht, wie einfach es war, ein vollst\u00e4ndig selbstorganisiertes Event mit so einfachen Techniken zu gestalten.<\/p>\n<cite>&#8211; Shari, Workshopteilnehmerin<\/cite><\/blockquote>\n\n\n\n\n<p><\/p>\n<\/div>\n<\/div>\n\n\n\n\n<div style=\"height:15px\" aria-hidden=\"true\" class=\"wp-block-spacer\"><\/div>\n\n\n\n\n<div class=\"wp-block-columns is-layout-flex wp-container-core-columns-is-layout-9d6595d7 wp-block-columns-is-layout-flex\">\n<div class=\"wp-block-column is-layout-flow wp-block-column-is-layout-flow\" style=\"flex-basis:33.33%\"><div class=\"wp-block-image is-style-rounded\">\n<figure class=\"aligncenter size-large is-resized\"><img loading=\"lazy\" decoding=\"async\" width=\"720\" height=\"725\" src=\"https:\/\/uniteawake.com\/news\/wp-content\/uploads\/2018\/07\/adam.jpg\" alt=\"\" class=\"wp-image-272\" style=\"width:200px;height:200px\" srcset=\"https:\/\/uniteawake.com\/news\/wp-content\/uploads\/2018\/07\/adam.jpg 720w, https:\/\/uniteawake.com\/news\/wp-content\/uploads\/2018\/07\/adam-150x150.jpg 150w, https:\/\/uniteawake.com\/news\/wp-content\/uploads\/2018\/07\/adam-298x300.jpg 298w, https:\/\/uniteawake.com\/news\/wp-content\/uploads\/2018\/07\/adam-174x174.jpg 174w\" sizes=\"auto, (max-width: 720px) 100vw, 720px\" \/><\/figure>\n<\/div><\/div>\n\n\n\n\n<div class=\"wp-block-column is-layout-flow wp-block-column-is-layout-flow\" style=\"flex-basis:66.66%\">\n<blockquote class=\"wp-block-quote is-layout-flow wp-block-quote-is-layout-flow\">\n<p>Die Fractal-Plattform macht es so einfach, eine gemeinsame Vision aus einer beliebigen Anzahl von Menschen zu entwickeln.<\/p>\n<cite>&#8211; Adam, Volunteer<\/cite><\/blockquote>\n\n\n\n\n<p><\/p>\n<\/div>\n<\/div>\n\n\n\n\n<p><\/p>\n\n\n<span class=\"wpecounter\" itemprop=\"interactionCount\" itemscope=\"itemscope\" itemtype=\"http:\/\/schema.org\/UserPageVisits\">18<\/span>\n\n\n\n\n<p><\/p>\n","protected":false},"excerpt":{"rendered":"<p>2025-12-04 Wir entwickeln Fractal Circles \u2013 eine Open-Source-Plattform, die Gemeinschaften und Organisationen dabei unterst\u00fctzt, Entscheidungen auf wirklich demokratische Weise gemeinsam zu treffen. Was sind Fractal Circles?Fractal Circles nutzt fraktale Organisationsstrukturen, um eine st\u00e4rker partizipative und inklusive Entscheidungsfindung zu erm\u00f6glichen. Anstelle von Top-down-Hierarchien erlaubt unsere Plattform Gemeinschaften, sich in miteinander verbundenen Kreisen zu organisieren, in denen <a href=\"https:\/\/uniteawake.com\/news\/fractal-dk\/\" rel=\"nofollow\"><span class=\"sr-only\">Read more about Helfen Sie uns, die Zukunft demokratischer Organisationen zu gestalten<\/span>[&hellip;]<\/a><\/p>\n","protected":false},"author":1,"featured_media":0,"parent":0,"menu_order":0,"comment_status":"closed","ping_status":"closed","template":"","meta":{"footnotes":""},"class_list":["post-2155","page","type-page","status-publish","hentry"],"_links":{"self":[{"href":"https:\/\/uniteawake.com\/news\/wp-json\/wp\/v2\/pages\/2155","targetHints":{"allow":["GET"]}}],"collection":[{"href":"https:\/\/uniteawake.com\/news\/wp-json\/wp\/v2\/pages"}],"about":[{"href":"https:\/\/uniteawake.com\/news\/wp-json\/wp\/v2\/types\/page"}],"author":[{"embeddable":true,"href":"https:\/\/uniteawake.com\/news\/wp-json\/wp\/v2\/users\/1"}],"replies":[{"embeddable":true,"href":"https:\/\/uniteawake.com\/news\/wp-json\/wp\/v2\/comments?post=2155"}],"version-history":[{"count":2,"href":"https:\/\/uniteawake.com\/news\/wp-json\/wp\/v2\/pages\/2155\/revisions"}],"predecessor-version":[{"id":2157,"href":"https:\/\/uniteawake.com\/news\/wp-json\/wp\/v2\/pages\/2155\/revisions\/2157"}],"wp:attachment":[{"href":"https:\/\/uniteawake.com\/news\/wp-json\/wp\/v2\/media?parent=2155"}],"curies":[{"name":"wp","href":"https:\/\/api.w.org\/{rel}","templated":true}]}}